{"id":32,"date":"2018-11-23T20:37:18","date_gmt":"2018-11-23T19:37:18","guid":{"rendered":"http:\/\/cfo-consult.de\/?page_id=32"},"modified":"2020-02-18T10:41:06","modified_gmt":"2020-02-18T09:41:06","slug":"interimsloesungen","status":"publish","type":"page","link":"https:\/\/cfo-consult.de\/en\/cfo-consult-cash-flow-optimization\/troubleshooting\/interimsloesungen\/","title":{"rendered":"Interim manager"},"content":{"rendered":"<p>[vc_row][vc_column][vc_custom_heading text=&#8221;Interim manager&#8221; google_fonts=&#8221;font_family:Open%20Sans%3A300%2C300italic%2Cregular%2Citalic%2C600%2C600italic%2C700%2C700italic%2C800%2C800italic|font_style:400%20regular%3A400%3Anormal&#8221;][vc_empty_space height=&#8221;10px&#8221;][\/vc_column][\/vc_row][vc_row][vc_column][vc_column_text]Capacity shortages?\u00a0 Make temporary use of CFO Consult as an interim manager!<\/p>\n<p>Do you need manpower at short notice to ensure your work flows or meet deadlines like the preparation for closures or intercompany reconciliations? Based on my vast expertise and practical experience in diverse fields of financial management, I can step in quickly and support your team immediately in its daily business.<\/p>\n<p>Make use of this possibility, when you need my help.<\/p>\n<p>Furthermore, I am at your disposal for temporary leadership in administrative tasks.<a href=\"#_ftnref1\" name=\"_ftn1\"><\/a>[\/vc_column_text][vc_empty_space height=&#8221;10px&#8221;][\/vc_column][\/vc_row][vc_row][vc_column width=&#8221;1\/2&#8243;]<div class=\"standard-arrow list-divider bullet-top\"><p>For your immediate needs like:<\/p>\n<ul>\n<li>tasks around financial accounting<\/li>\n<li>bank reconciliation, balance confirmations, also at group level<\/li>\n<li>closures (German and international accounting standards)<\/li>\n<li>payments from accounts receivable and to accounts payable, also in Shared Service Centre (SSC)<\/li>\n<li>liaison with banks<\/li>\n<li>consolidation and intercompany reconciliation<\/li>\n<li>monthly and quarterly reporting<\/li>\n<li>cash management and financial transactions<\/li>\n<li>Liquidity planning and Cash flow reporting<\/li>\n<li>regulatory reporting,e.g. in accordance with German Law (Au\u00dfenwirtschaftsverordnung \u2013 Z4)<\/li>\n<li>drafting of policies and internal rule<\/li>\n<\/ul>\n<p>I can help you.<\/p>\n<\/div>[\/vc_column][vc_column width=&#8221;1\/2&#8243;][vc_single_image image=&#8221;515&#8243; img_size=&#8221;large&#8221;][\/vc_column][\/vc_row][vc_row][vc_column][vc_column_text]Interested? You can reach me be phone or email. Kindly send your message to <a href=\"ma&#105;&#108;&#116;&#111;&#x3a;&#x69;&#x6e;&#x66;&#x6f;&#64;c&#102;&#111;&#45;&#99;&#x6f;&#x6e;&#x73;&#x75;&#x6c;t&#46;&#100;&#101;\">in&#102;&#111;&#64;&#x63;&#x66;&#x6f;&#x2d;co&#110;&#115;&#117;&#x6c;&#x74;&#x2e;&#x64;e<\/a> or make use of my <a href=\"..\/kontakt\/\">contact form<\/a>. I look forward to hearing from you.[\/vc_column_text][\/vc_column][\/vc_row]<\/p>","protected":false},"excerpt":{"rendered":"<p>[vc_row][vc_column][vc_custom_heading text=&#8221;Interim manager&#8221; google_fonts=&#8221;font_family:Open%20Sans%3A300%2C300italic%2Cregular%2Citalic%2C600%2C600italic%2C700%2C700italic%2C800%2C800italic|font_style:400%20regular%3A400%3Anormal&#8221;][vc_empty_space height=&#8221;10px&#8221;][\/vc_column][\/vc_row][vc_row][vc_column][vc_column_text]Capacity shortages?\u00a0 Make temporary use of CFO Consult as an interim manager! Do you need manpower at short notice to ensure your work flows or meet deadlines like the preparation for closures or intercompany reconciliations? Based on my vast expertise and practical experience in diverse fields of financial management, I can&hellip;<\/p>\n","protected":false},"author":1,"featured_media":0,"parent":34,"menu_order":0,"comment_status":"closed","ping_status":"closed","template":"","meta":[],"class_list":["post-32","page","type-page","status-publish","hentry","description-off"],"yoast_head":"<!-- This site is optimized with the Yoast SEO plugin v14.1 - https:\/\/yoast.com\/wordpress\/plugins\/seo\/ -->\n<title>Interim Manager f\u00fcr Ihr Finanz- und Cash-Management<\/title>\n<meta name=\"description\" content=\"Kapazit\u00e4tsengp\u00e4sse in Ihrem Cash-Management? Z\u00e4hlen Sie auf meine Expertise im Finanzbereich!\" \/>\n<meta name=\"robots\" content=\"index, follow\" \/>\n<meta name=\"googlebot\" content=\"index, follow, max-snippet:-1, max-image-preview:large, max-video-preview:-1\" \/>\n<meta name=\"bingbot\" content=\"index, follow, max-snippet:-1, max-image-preview:large, max-video-preview:-1\" \/>\n<link rel=\"canonical\" href=\"https:\/\/cfo-consult.de\/cfo-consult-cash-flow-optimization\/troubleshooting\/interimsloesungen\/\" \/>\n<meta property=\"og:locale\" content=\"en_US\" \/>\n<meta property=\"og:type\" content=\"article\" \/>\n<meta property=\"og:title\" content=\"Interim Manager f\u00fcr Ihr Finanz- und Cash-Management\" \/>\n<meta property=\"og:description\" content=\"Kapazit\u00e4tsengp\u00e4sse in Ihrem Cash-Management? Z\u00e4hlen Sie auf meine Expertise im Finanzbereich!\" \/>\n<meta property=\"og:url\" content=\"https:\/\/cfo-consult.de\/cfo-consult-cash-flow-optimization\/troubleshooting\/interimsloesungen\/\" \/>\n<meta property=\"og:site_name\" content=\"cfo-consult.de\" \/>\n<meta property=\"article:modified_time\" content=\"2020-02-18T09:41:06+00:00\" \/>\n<meta name=\"twitter:card\" content=\"summary_large_image\" \/>\n<script type=\"application\/ld+json\" class=\"yoast-schema-graph\">{\"@context\":\"https:\/\/schema.org\",\"@graph\":[{\"@type\":[\"Person\",\"Organization\"],\"@id\":\"https:\/\/cfo-consult.de\/en\/#\/schema\/person\/ae6b27c6708c483439ebccbf4b36b267\",\"name\":\"KatharinaSchoen\",\"image\":{\"@type\":\"ImageObject\",\"@id\":\"https:\/\/cfo-consult.de\/en\/#personlogo\",\"inLanguage\":\"en-US\",\"url\":\"https:\/\/secure.gravatar.com\/avatar\/0429164341262c4aabcf0c1f245ad22f?s=96&d=mm&r=g\",\"caption\":\"KatharinaSchoen\"},\"logo\":{\"@id\":\"https:\/\/cfo-consult.de\/en\/#personlogo\"}},{\"@type\":\"WebSite\",\"@id\":\"https:\/\/cfo-consult.de\/en\/#website\",\"url\":\"https:\/\/cfo-consult.de\/en\/\",\"name\":\"cfo-consult.de\",\"description\":\"\",\"publisher\":{\"@id\":\"https:\/\/cfo-consult.de\/en\/#\/schema\/person\/ae6b27c6708c483439ebccbf4b36b267\"},\"potentialAction\":[{\"@type\":\"SearchAction\",\"target\":\"https:\/\/cfo-consult.de\/en\/?s={search_term_string}\",\"query-input\":\"required name=search_term_string\"}],\"inLanguage\":\"en-US\"},{\"@type\":\"WebPage\",\"@id\":\"https:\/\/cfo-consult.de\/cfo-consult-cash-flow-optimization\/troubleshooting\/interimsloesungen\/#webpage\",\"url\":\"https:\/\/cfo-consult.de\/cfo-consult-cash-flow-optimization\/troubleshooting\/interimsloesungen\/\",\"name\":\"Interim Manager f\\u00fcr Ihr Finanz- und Cash-Management\",\"isPartOf\":{\"@id\":\"https:\/\/cfo-consult.de\/en\/#website\"},\"datePublished\":\"2018-11-23T19:37:18+00:00\",\"dateModified\":\"2020-02-18T09:41:06+00:00\",\"description\":\"Kapazit\\u00e4tsengp\\u00e4sse in Ihrem Cash-Management? Z\\u00e4hlen Sie auf meine Expertise im Finanzbereich!\",\"inLanguage\":\"en-US\",\"potentialAction\":[{\"@type\":\"ReadAction\",\"target\":[\"https:\/\/cfo-consult.de\/cfo-consult-cash-flow-optimization\/troubleshooting\/interimsloesungen\/\"]}]}]}<\/script>\n<!-- \/ Yoast SEO plugin. -->","_links":{"self":[{"href":"https:\/\/cfo-consult.de\/en\/wp-json\/wp\/v2\/pages\/32","targetHints":{"allow":["GET"]}}],"collection":[{"href":"https:\/\/cfo-consult.de\/en\/wp-json\/wp\/v2\/pages"}],"about":[{"href":"https:\/\/cfo-consult.de\/en\/wp-json\/wp\/v2\/types\/page"}],"author":[{"embeddable":true,"href":"https:\/\/cfo-consult.de\/en\/wp-json\/wp\/v2\/users\/1"}],"replies":[{"embeddable":true,"href":"https:\/\/cfo-consult.de\/en\/wp-json\/wp\/v2\/comments?post=32"}],"version-history":[{"count":12,"href":"https:\/\/cfo-consult.de\/en\/wp-json\/wp\/v2\/pages\/32\/revisions"}],"predecessor-version":[{"id":1576,"href":"https:\/\/cfo-consult.de\/en\/wp-json\/wp\/v2\/pages\/32\/revisions\/1576"}],"up":[{"embeddable":true,"href":"https:\/\/cfo-consult.de\/en\/wp-json\/wp\/v2\/pages\/34"}],"wp:attachment":[{"href":"https:\/\/cfo-consult.de\/en\/wp-json\/wp\/v2\/media?parent=32"}],"curies":[{"name":"wp","href":"https:\/\/api.w.org\/{rel}","templated":true}]}}