{"id":48,"date":"2018-11-23T20:39:27","date_gmt":"2018-11-23T19:39:27","guid":{"rendered":"http:\/\/cfo-consult.de\/?page_id=48"},"modified":"2020-03-17T10:44:18","modified_gmt":"2020-03-17T09:44:18","slug":"events-cfo-consult","status":"publish","type":"page","link":"https:\/\/cfo-consult.de\/en\/warum-cfo-consult\/events-cfo-consult\/","title":{"rendered":"Events"},"content":{"rendered":"<p>[vc_row][vc_column][vc_custom_heading text=&#8221;Events for networking&#8221; use_theme_fonts=&#8221;yes&#8221;][vc_empty_space height=&#8221;20px&#8221;][vc_custom_heading text=&#8221;Are we going to see each other?&#8221; font_container=&#8221;tag:h3|text_align:left&#8221; use_theme_fonts=&#8221;yes&#8221;][vc_column_text]Indeed, all is postponed, for the time being only contact by phone and online, sorry. \ud83d\ude41<\/p>\n<p>Keep away from any viruses!<\/p>\n<p>&nbsp;<\/p>\n<p>BVMW <strong>&#8220;DigitalX EAST&#8221;<\/strong> 12 March 2020, Arena, Berin-Treptow<\/p>\n<p>Young and Restless <strong>&#8220;Media salon&#8221;<\/strong> 19 March 2020, Berlin-Charlottenburg<\/p>\n<p>Tagesspiegel <strong>&#8220;Future Mobility&#8221;<\/strong>, 23-24 March 2020, Technical University Berlin<\/p>\n<p>BVMW <strong>&#8220;Digital zones of freedom for Germany \u2013 New Spaces for Winning the Innovation Race&#8221;<\/strong>, 25 March 2020, Berlin-Tiergarten<\/p>\n<p>Robert Half <strong>&#8220;Business Breakfast: AI which really understands you&#8221;<\/strong> 28 April 2020, Berlin-Charlottenburg[\/vc_column_text][vc_empty_space height=&#8221;20px&#8221;][vc_custom_heading text=&#8221;You have also been there?&#8221; font_container=&#8221;tag:h3|text_align:left&#8221; use_theme_fonts=&#8221;yes&#8221;][vc_column_text]ESMT &#8220;Digital Society Conference&#8221; 10 December 2019, Berlin-Mitte<\/p>\n<p>Umweltforum\u00a0 <strong>&#8220;Trend radar &#8211; Is this the future or can it be dumped?&#8221; <\/strong>12 November 2019, Berlin-Friedrichshain<strong><br \/>\n<\/strong><\/p>\n<p>EINS &#8211; Centre for Entrepreneurship TU Berlin <strong>&#8220;Optimize processes and save resources &#8211; Human and Technology today&#8221;<\/strong> 22 October 2019, Berlin<\/p>\n<p>Fintech-Hub <strong>&#8220;Cybersecurity Summer Party&#8221;<\/strong> 26 June 2019, Berlin<\/p>\n<p>BMWi <strong>&#8220;Set up your company&#8221;<\/strong> 24 June 2019, Berlin<\/p>\n<p>BVMW <strong>&#8220;DIGITAL X East&#8221; <\/strong>18 June 2019, Berlin<\/p>\n<p>British Chamber of Commerce <strong>&#8220;Successful in Great Britain in Times of Brexit&#8221;<\/strong> 4 June 2019, Berlin<\/p>\n<p>BVMW <strong>&#8220;Entrepreneur lounge&#8221;<\/strong> 27 May 2019, Berlin<\/p>\n<p>German FinTech- &amp; InsurTech Ecosystem <strong>&#8220;FinTech Summer Kick-Off 2019&#8221;<\/strong> 23 May 2019, Berlin<\/p>\n<p>BVMW, Mayer &amp; Partner GmbH <strong>&#8220;Protection by raising awareness&#8221;<\/strong> 22 May 2019, Berlin<\/p>\n<p>Pop Up Store <strong>&#8220;Economy evening&#8221; <\/strong>am 21 May 2019, Berlin<\/p>\n<p>PWC <strong>&#8220;The Future of Treasury&#8221;<\/strong> 15 May 2019, Frankfurt\/Main<\/p>\n<p><strong>ASIA-Pacific Week <\/strong>13+14 May 2019, Berlin<\/p>\n<p>Federal Ministry of Economy <strong>&#8220;Innovation Day of SME&#8221;<\/strong> 9 May 2019, Berlin<\/p>\n<p>HWR Berlin <strong>&#8220;Easter Punch&#8221;<\/strong> 3 May 2019<\/p>\n<p>VdU <strong>&#8220;The who dunnit in your own house&#8221;<\/strong> 24 April 2019, Berlin-Mitte<\/p>\n<p>BVMW &#8220;<strong>The great chance opens only, when you induce it!&#8221;\u00a0<\/strong> 09 April 2019, Berlin-Lichtenberg<\/p>\n<p>Tagesspiegel <strong>&#8220;Future Mobility&#8221;\u00a0<\/strong> 08-09 April 2019, EUREF Campus Berlin<\/p>\n<p>Start Alliance <strong>&#8220;Female Founders&#8221;<\/strong> 28 March 2019 in The Place, Berlin<\/p>\n<p><strong>AMBA Connect\u2013Berlin<\/strong> 2019,\u00a0 22 Februar 2019 in Startup Incubator HWR Berlin<\/p>\n<p>HWR Berlin <strong>&#8220;AlumniMeetSudents&#8221;<\/strong> 21 February 2020, Berlin-Sch\u00f6neberg<\/p>\n<p>BVMW <strong>&#8220;Structural and SME Policy- Two pages of one medal&#8221;<\/strong> 04 March 2020, Berlin-Mitte<\/p>\n<p>BMWi <strong>&#8220;Strong Women Strong Economy&#8221;<\/strong> 04 March 2020, Berlin-Mitte[\/vc_column_text][vc_column_text]We missed each other? To schedule a meeting you can reach me by phone or email.<\/p>\n<p>Please email me to <a href=\"&#x6d;&#x61;&#x69;&#x6c;&#x74;&#x6f;&#x3a;&#x69;&#110;&#102;&#111;&#64;&#99;&#102;&#111;-con&#x73;&#x75;&#x6c;&#x74;&#x2e;&#x64;&#x65;\">&#105;&#x6e;&#102;&#x6f;&#64;&#x63;&#102;&#x6f;&#45;&#x63;&#111;&#x6e;s&#x75;l&#x74;&#46;&#x64;e<\/a> or make use of my <a href=\"..\/kontakt\/\">contact form<\/a>. I look forward to hearing from you.[\/vc_column_text][\/vc_column][\/vc_row]<\/p>","protected":false},"excerpt":{"rendered":"<p>[vc_row][vc_column][vc_custom_heading text=&#8221;Events for networking&#8221; use_theme_fonts=&#8221;yes&#8221;][vc_empty_space height=&#8221;20px&#8221;][vc_custom_heading text=&#8221;Are we going to see each other?&#8221; font_container=&#8221;tag:h3|text_align:left&#8221; use_theme_fonts=&#8221;yes&#8221;][vc_column_text]Indeed, all is postponed, for the time being only contact by phone and online, sorry. \ud83d\ude41 Keep away from any viruses! &nbsp; BVMW &#8220;DigitalX EAST&#8221; 12 March 2020, Arena, Berin-Treptow Young and Restless &#8220;Media salon&#8221; 19 March 2020, Berlin-Charlottenburg Tagesspiegel &#8220;Future&hellip;<\/p>\n","protected":false},"author":1,"featured_media":0,"parent":61,"menu_order":0,"comment_status":"closed","ping_status":"closed","template":"","meta":[],"class_list":["post-48","page","type-page","status-publish","hentry","description-off"],"yoast_head":"<!-- This site is optimized with the Yoast SEO plugin v14.1 - https:\/\/yoast.com\/wordpress\/plugins\/seo\/ -->\n<title>Events zum n\u00e4heren Kennenlernen von CFO Consult<\/title>\n<meta name=\"description\" content=\"Bei Events mit und von CFO Consult k\u00f6nnen wir uns n\u00e4her kennenlernen. wann treffen wir uns pers\u00f6nlich? Es bieten sich folgende M\u00f6glichkeiten.\" \/>\n<meta name=\"robots\" content=\"index, follow\" \/>\n<meta name=\"googlebot\" content=\"index, follow, max-snippet:-1, max-image-preview:large, max-video-preview:-1\" \/>\n<meta name=\"bingbot\" content=\"index, follow, max-snippet:-1, max-image-preview:large, max-video-preview:-1\" \/>\n<link rel=\"canonical\" href=\"https:\/\/cfo-consult.de\/warum-cfo-consult\/events-cfo-consult\/\" \/>\n<meta property=\"og:locale\" content=\"en_US\" \/>\n<meta property=\"og:type\" content=\"article\" \/>\n<meta property=\"og:title\" content=\"Events zum n\u00e4heren Kennenlernen von CFO Consult\" \/>\n<meta property=\"og:description\" content=\"Bei Events mit und von CFO Consult k\u00f6nnen wir uns n\u00e4her kennenlernen. wann treffen wir uns pers\u00f6nlich? Es bieten sich folgende M\u00f6glichkeiten.\" \/>\n<meta property=\"og:url\" content=\"https:\/\/cfo-consult.de\/warum-cfo-consult\/events-cfo-consult\/\" \/>\n<meta property=\"og:site_name\" content=\"cfo-consult.de\" \/>\n<meta property=\"article:modified_time\" content=\"2020-03-17T09:44:18+00:00\" \/>\n<meta name=\"twitter:card\" content=\"summary_large_image\" \/>\n<script type=\"application\/ld+json\" class=\"yoast-schema-graph\">{\"@context\":\"https:\/\/schema.org\",\"@graph\":[{\"@type\":[\"Person\",\"Organization\"],\"@id\":\"https:\/\/cfo-consult.de\/en\/#\/schema\/person\/ae6b27c6708c483439ebccbf4b36b267\",\"name\":\"KatharinaSchoen\",\"image\":{\"@type\":\"ImageObject\",\"@id\":\"https:\/\/cfo-consult.de\/en\/#personlogo\",\"inLanguage\":\"en-US\",\"url\":\"https:\/\/secure.gravatar.com\/avatar\/0429164341262c4aabcf0c1f245ad22f?s=96&d=mm&r=g\",\"caption\":\"KatharinaSchoen\"},\"logo\":{\"@id\":\"https:\/\/cfo-consult.de\/en\/#personlogo\"}},{\"@type\":\"WebSite\",\"@id\":\"https:\/\/cfo-consult.de\/en\/#website\",\"url\":\"https:\/\/cfo-consult.de\/en\/\",\"name\":\"cfo-consult.de\",\"description\":\"\",\"publisher\":{\"@id\":\"https:\/\/cfo-consult.de\/en\/#\/schema\/person\/ae6b27c6708c483439ebccbf4b36b267\"},\"potentialAction\":[{\"@type\":\"SearchAction\",\"target\":\"https:\/\/cfo-consult.de\/en\/?s={search_term_string}\",\"query-input\":\"required name=search_term_string\"}],\"inLanguage\":\"en-US\"},{\"@type\":\"WebPage\",\"@id\":\"https:\/\/cfo-consult.de\/warum-cfo-consult\/events-cfo-consult\/#webpage\",\"url\":\"https:\/\/cfo-consult.de\/warum-cfo-consult\/events-cfo-consult\/\",\"name\":\"Events zum n\\u00e4heren Kennenlernen von CFO Consult\",\"isPartOf\":{\"@id\":\"https:\/\/cfo-consult.de\/en\/#website\"},\"datePublished\":\"2018-11-23T19:39:27+00:00\",\"dateModified\":\"2020-03-17T09:44:18+00:00\",\"description\":\"Bei Events mit und von CFO Consult k\\u00f6nnen wir uns n\\u00e4her kennenlernen. wann treffen wir uns pers\\u00f6nlich? Es bieten sich folgende M\\u00f6glichkeiten.\",\"inLanguage\":\"en-US\",\"potentialAction\":[{\"@type\":\"ReadAction\",\"target\":[\"https:\/\/cfo-consult.de\/warum-cfo-consult\/events-cfo-consult\/\"]}]}]}<\/script>\n<!-- \/ Yoast SEO plugin. -->","_links":{"self":[{"href":"https:\/\/cfo-consult.de\/en\/wp-json\/wp\/v2\/pages\/48","targetHints":{"allow":["GET"]}}],"collection":[{"href":"https:\/\/cfo-consult.de\/en\/wp-json\/wp\/v2\/pages"}],"about":[{"href":"https:\/\/cfo-consult.de\/en\/wp-json\/wp\/v2\/types\/page"}],"author":[{"embeddable":true,"href":"https:\/\/cfo-consult.de\/en\/wp-json\/wp\/v2\/users\/1"}],"replies":[{"embeddable":true,"href":"https:\/\/cfo-consult.de\/en\/wp-json\/wp\/v2\/comments?post=48"}],"version-history":[{"count":12,"href":"https:\/\/cfo-consult.de\/en\/wp-json\/wp\/v2\/pages\/48\/revisions"}],"predecessor-version":[{"id":1713,"href":"https:\/\/cfo-consult.de\/en\/wp-json\/wp\/v2\/pages\/48\/revisions\/1713"}],"up":[{"embeddable":true,"href":"https:\/\/cfo-consult.de\/en\/wp-json\/wp\/v2\/pages\/61"}],"wp:attachment":[{"href":"https:\/\/cfo-consult.de\/en\/wp-json\/wp\/v2\/media?parent=48"}],"curies":[{"name":"wp","href":"https:\/\/api.w.org\/{rel}","templated":true}]}}